{"id":5,"date":"2017-12-17T20:28:34","date_gmt":"2017-12-17T20:28:34","guid":{"rendered":"http:\/\/agus-kempten.de\/site\/?page_id=5"},"modified":"2017-12-17T22:04:25","modified_gmt":"2017-12-17T22:04:25","slug":"startseite","status":"publish","type":"page","link":"https:\/\/agus-kempten.de\/site\/","title":{"rendered":"Startseite"},"content":{"rendered":"<p><strong>Liebe Leser,<\/strong><\/p>\n<p>AGUS \u2013 Angeh\u00f6rige um Suizid e.V. ist\u00a0die bundesweite Selbsthilfeorganisation f\u00fcr\u00a0Trauernde, die einen nahe stehenden Menschen durch Suizid verloren haben.<\/p>\n<p>&nbsp;<\/p>\n<p><strong>Diese Homepage haben wir eingerichtet f\u00fcr<\/strong><\/p>\n<ul>\n<li>Trauernde, die einen nahe stehenden Menschen durch Suizid verloren haben, unabh\u00e4ngig davon, wie lange dies her ist<\/li>\n<li>f\u00fcr Freunde, Bekannte, Kollegen, die einen Suizidtrauernden gerne hilfreich begleiten m\u00f6chten<\/li>\n<li>f\u00fcr Menschen, die durch ihren Beruf mit dieser Todesart in Ber\u00fchrung kommen und die sich \u00fcber die Situation der Hinterbliebenen informieren m\u00f6chten<\/li>\n<li>f\u00fcr \u00c4rzte, Therapeuten, Pfarrer, Lehrer, Erzieher usw., von denen aufgrund ihrer beruflichen T\u00e4tigkeit kompetente Hilfe erwartet wird.<\/li>\n<\/ul>\n<p>&nbsp;<\/p>\n<p><strong>Diese Homepage enth\u00e4lt<\/strong><\/p>\n<ul>\n<li>Informationen zum Thema Suizid und der schweren Trauer danach<\/li>\n<li>unsere Angebote in Form von Kontaktvermittlung, AGUS-Selbsthilfegruppen, Trauerseminare f\u00fcr Suizidbetroffene, AGUS-Jahrestagung, kostenlose Unterlagen, Literaturhinweise, Wanderausstellung, Videokassette, CD u.a.<\/li>\n<li>Informationen \u00fcber unsere Vereinsstruktur und Gr\u00f6\u00dfe<\/li>\n<li>eine <a href=\"https:\/\/www.agus-selbsthilfe.de\/agus-gruppen\/\" target=\"_self\"><strong>Landkarte<\/strong><\/a>,\u00a0auf der Sie die n\u00e4chstgelegene AGUS-Selbsthilfegruppe finden k\u00f6nnen<\/li>\n<li><a href=\"https:\/\/www.agus-selbsthilfe.de\/wir-bieten-an\/links\/\" target=\"_self\"><strong>Links <\/strong><\/a>zu interessanten, themenverwandten Seiten<\/li>\n<li>und Vieles mehr<\/li>\n<\/ul>\n<p>&nbsp;<\/p>\n<p>Oft wenden sich auch Hilfesuchende an uns, die selbst<strong> suizidgef\u00e4hrdet <\/strong>sind oder in deren Umfeld ein Mensch suizidgef\u00e4hrdet ist\u00a0bzw. sie dies bef\u00fcrchten. <strong>F\u00fcr diese Anfragenden sind wir nicht die \u201erichtigen\u201c Ansprechpartner;<\/strong>es gibt Organisationen, die damit mehr Erfahrung haben und kompetenter sind. Einige weiterf\u00fchrende Informationen\u00a0finden Sie\u00a0unter dem Punkt <a href=\"https:\/\/www.agus-selbsthilfe.de\/wir-bieten-an\/links\/\" target=\"_self\"><strong>Links<\/strong><\/a>.<\/p>\n<p>&nbsp;<\/p>\n<p><strong>Ein Hinweis zu unserer Wortwahl:<\/strong><\/p>\n<p>&nbsp;<\/p>\n<p>Sie werden beim Lesen bemerken, dass wir durchg\u00e4ngig die Begriffe Suizid (aus dem Lateinischen) und Selbstt\u00f6tung verwenden, beide sind wertneutral und beschreibend.<\/p>\n<p>&nbsp;<\/p>\n<p>Im Alltag wird oft von Selbst<strong>\u201emord\u201c<\/strong> gesprochen. Mord ist der schwerste Straftatbestand in unserem Strafgesetzbuch und bezeichnet die T\u00f6tung eines anderen Menschen aus niedrigen Beweggr\u00fcnden wie Habgier, Neid, Eifersucht, Mordlust usw. \u2013 diese Bezeichnung hat nicht im Entferntesten etwas zu tun mit der Situation eines verzweifelten Menschen, der sich das Leben nimmt. Und Suizidtrauernde sind nicht Hinterbliebene eines \u201eM\u00f6rders\u201c.<\/p>\n<p>Die Bezeichnung <strong>\u201eFreitod\u201c<\/strong> beinhaltet den Hinweis auf eine freie Willensentscheidung zum Tod, meist in Verbindung mit edlen Motiven. Auch dies beschreibt unseres Erachtens nicht die Situation von Menschen, deren Entscheidung von Ausweglosigkeit gepr\u00e4gt ist.<\/p>\n","protected":false},"excerpt":{"rendered":"<p>Liebe Leser, AGUS \u2013 Angeh\u00f6rige um Suizid e.V. ist\u00a0die bundesweite Selbsthilfeorganisation f\u00fcr\u00a0Trauernde, die einen nahe stehenden Menschen durch Suizid verloren haben. &nbsp; Diese Homepage haben wir eingerichtet f\u00fcr Trauernde, die einen nahe stehenden Menschen durch Suizid verloren haben, unabh\u00e4ngig davon, wie lange dies her ist f\u00fcr Freunde, Bekannte, Kollegen, die einen Suizidtrauernden gerne hilfreich begleiten &hellip; <a href=\"https:\/\/agus-kempten.de\/site\/\" class=\"more-link\"><span class=\"screen-reader-text\">Startseite<\/span> weiterlesen<\/a><\/p>\n","protected":false},"author":1,"featured_media":0,"parent":0,"menu_order":0,"comment_status":"closed","ping_status":"closed","template":"","meta":{"jetpack_post_was_ever_published":false,"footnotes":""},"class_list":["post-5","page","type-page","status-publish","hentry"],"jetpack_sharing_enabled":true,"jetpack_shortlink":"https:\/\/wp.me\/P9tRCy-5","_links":{"self":[{"href":"https:\/\/agus-kempten.de\/site\/wp-json\/wp\/v2\/pages\/5","targetHints":{"allow":["GET"]}}],"collection":[{"href":"https:\/\/agus-kempten.de\/site\/wp-json\/wp\/v2\/pages"}],"about":[{"href":"https:\/\/agus-kempten.de\/site\/wp-json\/wp\/v2\/types\/page"}],"author":[{"embeddable":true,"href":"https:\/\/agus-kempten.de\/site\/wp-json\/wp\/v2\/users\/1"}],"replies":[{"embeddable":true,"href":"https:\/\/agus-kempten.de\/site\/wp-json\/wp\/v2\/comments?post=5"}],"version-history":[{"count":7,"href":"https:\/\/agus-kempten.de\/site\/wp-json\/wp\/v2\/pages\/5\/revisions"}],"predecessor-version":[{"id":55,"href":"https:\/\/agus-kempten.de\/site\/wp-json\/wp\/v2\/pages\/5\/revisions\/55"}],"wp:attachment":[{"href":"https:\/\/agus-kempten.de\/site\/wp-json\/wp\/v2\/media?parent=5"}],"curies":[{"name":"wp","href":"https:\/\/api.w.org\/{rel}","templated":true}]}}