{"id":13,"date":"2017-12-17T20:30:55","date_gmt":"2017-12-17T20:30:55","guid":{"rendered":"http:\/\/agus-kempten.de\/site\/?page_id=13"},"modified":"2017-12-17T20:30:55","modified_gmt":"2017-12-17T20:30:55","slug":"wer-kann-teilnehmen","status":"publish","type":"page","link":"https:\/\/agus-kempten.de\/site\/wer-kann-teilnehmen\/","title":{"rendered":"Wer kann teilnehmen?"},"content":{"rendered":"<p>Teilnehmen kann jeder, der einen geliebten Menschen durch Suizid verloren hat, unabh\u00e4ngig von Alter, Geschlecht, Familienstand, Konfession oder Wohnort. Angeh\u00f6rige k\u00f6nnen kommen, wie sie wollen &#8211; allein oder mit ihrem Partner &#8211; so lange sie es w\u00fcnschen oder die Gruppe als hilfreich erleben.<\/p>\n<p>Die Gruppe trifft sich regelm\u00e4\u00dfig einmal im Monat. Ort, Datum und Uhrzeit sind bei<br \/>\nLucia Schleich (Telefon 0831 68115 oder 0170 7806261) oder<br \/>\nGabi Sager (Telefon 0831 97746 oder 0170 2832901 oder E-Mail <span id=\"cloak33884\"><a href=\"mailto:gabi.sager@agus-kempten.de\">gabi.sager@agus-kempten.de<\/a><\/span>) zu erfragen.<\/p>\n<p>Es gibt keine Mitgliedsbeitr\u00e4ge! Wir werden unterst\u00fctzt vom Runden Tisch Schwaben-S\u00fcd. Der Runde Tisch ist ein Zusammenschluss aller Krankenkassen in Bayern zur F\u00f6rderung der Selbsthilfe.<\/p>\n<p>Es ist hilfreich Menschen zu begegnen, die durch ihren tiefen Verlustschmerz und ihre Trauer hindurch zum Leben zur\u00fcckgefunden haben.<\/p>\n<p>Stand: 12\/2017<\/p>\n","protected":false},"excerpt":{"rendered":"<p>Teilnehmen kann jeder, der einen geliebten Menschen durch Suizid verloren hat, unabh\u00e4ngig von Alter, Geschlecht, Familienstand, Konfession oder Wohnort. Angeh\u00f6rige k\u00f6nnen kommen, wie sie wollen &#8211; allein oder mit ihrem Partner &#8211; so lange sie es w\u00fcnschen oder die Gruppe als hilfreich erleben. Die Gruppe trifft sich regelm\u00e4\u00dfig einmal im Monat. Ort, Datum und Uhrzeit &hellip; <a href=\"https:\/\/agus-kempten.de\/site\/wer-kann-teilnehmen\/\" class=\"more-link\"><span class=\"screen-reader-text\">Wer kann teilnehmen?<\/span> weiterlesen<\/a><\/p>\n","protected":false},"author":1,"featured_media":0,"parent":0,"menu_order":0,"comment_status":"closed","ping_status":"closed","template":"","meta":{"jetpack_post_was_ever_published":false,"footnotes":""},"class_list":["post-13","page","type-page","status-publish","hentry"],"jetpack_sharing_enabled":true,"jetpack_shortlink":"https:\/\/wp.me\/P9tRCy-d","_links":{"self":[{"href":"https:\/\/agus-kempten.de\/site\/wp-json\/wp\/v2\/pages\/13","targetHints":{"allow":["GET"]}}],"collection":[{"href":"https:\/\/agus-kempten.de\/site\/wp-json\/wp\/v2\/pages"}],"about":[{"href":"https:\/\/agus-kempten.de\/site\/wp-json\/wp\/v2\/types\/page"}],"author":[{"embeddable":true,"href":"https:\/\/agus-kempten.de\/site\/wp-json\/wp\/v2\/users\/1"}],"replies":[{"embeddable":true,"href":"https:\/\/agus-kempten.de\/site\/wp-json\/wp\/v2\/comments?post=13"}],"version-history":[{"count":1,"href":"https:\/\/agus-kempten.de\/site\/wp-json\/wp\/v2\/pages\/13\/revisions"}],"predecessor-version":[{"id":14,"href":"https:\/\/agus-kempten.de\/site\/wp-json\/wp\/v2\/pages\/13\/revisions\/14"}],"wp:attachment":[{"href":"https:\/\/agus-kempten.de\/site\/wp-json\/wp\/v2\/media?parent=13"}],"curies":[{"name":"wp","href":"https:\/\/api.w.org\/{rel}","templated":true}]}}